{"id":424,"date":"2022-10-13T08:04:19","date_gmt":"2022-10-13T08:04:19","guid":{"rendered":"https:\/\/cmkdeveloppement.com\/?page_id=424"},"modified":"2023-05-24T22:59:02","modified_gmt":"2023-05-24T21:59:02","slug":"about-us","status":"publish","type":"page","link":"https:\/\/cmkdeveloppement.com\/?page_id=424","title":{"rendered":"About Us"},"content":{"rendered":"\n<div class=\"wp-block-uagb-container uagb-block-67b3a3d0 alignfull uagb-is-root-container\"><div class=\"uagb-container-inner-blocks-wrap\">\n<div class=\"wp-block-uagb-advanced-heading uagb-block-86ef9389\"><h1 class=\"uagb-heading-text\">Qui sommes-nous<\/h1><div class=\"uagb-separator\"><\/div><\/div>\n<\/div><\/div>\n\n\n\n<div class=\"wp-block-uagb-container uagb-block-0cf08b21 alignfull uagb-is-root-container\"><div class=\"uagb-container-inner-blocks-wrap\">\n<div class=\"wp-block-uagb-info-box uagb-block-a9abc34e uagb-infobox__content-wrap  uagb-infobox-icon-above-title uagb-infobox-image-valign-top\"><div class=\"uagb-ifb-content\"><div class=\"uagb-ifb-title-wrap\"><span class=\"uagb-ifb-title-prefix\">NOTRE ENTREPRISE<\/span><h2 class=\"uagb-ifb-title\">Qui sommes-nous ?<\/h2><\/div><div class=\"uagb-ifb-separator\"><\/div><\/div><\/div>\n\n\n\n<p>Chez CMK D\u00e9veloppement, nous sommes un promoteur immobilier d\u00e9di\u00e9 \u00e0 la cr\u00e9ation de logements de qualit\u00e9 sup\u00e9rieure. Nous nous engageons \u00e0 offrir des espaces de vie exceptionnels, alliant design moderne, fonctionnalit\u00e9 et confort, pour r\u00e9pondre aux besoins et aux aspirations de nos clients.\u200b<\/p>\n\n\n\n<p>Notre \u00e9quipe exp\u00e9riment\u00e9e travaille avec passion et d\u00e9vouement pour concevoir et construire des appartements de haute qualit\u00e9, en utilisant les derni\u00e8res tendances et techniques de construction. Nous accordons une attention m\u00e9ticuleuse aux moindres d\u00e9tails, du choix des mat\u00e9riaux aux finitions, afin de cr\u00e9er des espaces r\u00e9sidentiels o\u00f9 il fait bon vivre.<\/p>\n\n\n\n<p>Contactez-nous d\u00e8s aujourd\u2019hui pour d\u00e9couvrir nos derniers projets immobiliers et discuter de la fa\u00e7on dont CMK D\u00e9veloppement peut vous aider \u00e0 trouver l\u2019appartement de vos r\u00eaves.<\/p>\n<\/div><\/div>\n\n\n\n<div class=\"wp-block-uagb-container uagb-block-c16b28a6 alignfull uagb-is-root-container\">\n<div class=\"wp-block-uagb-image uagb-block-4e780444 wp-block-uagb-image--layout-default wp-block-uagb-image--effect-static wp-block-uagb-image--align-none\"><figure class=\"wp-block-uagb-image__figure\"><img decoding=\"async\" srcset=\"https:\/\/cmkdeveloppement.com\/wp-content\/uploads\/2023\/05\/IMG-20230515-WA0000-1-1024x1024.jpg \" sizes=\"(max-width: 480px) 150px\" src=\"https:\/\/cmkdeveloppement.com\/wp-content\/uploads\/2023\/05\/IMG-20230515-WA0000-1-1024x1024.jpg\" alt=\"\" class=\"uag-image-470\" width=\"1450\" height=\"1450\" title=\"\" loading=\"lazy\"\/><\/figure><\/div>\n<\/div>\n\n\n\n<div class=\"wp-block-uagb-container uagb-block-483e2dbe alignfull uagb-is-root-container\"><div class=\"uagb-container-inner-blocks-wrap\">\n<div class=\"wp-block-uagb-container uagb-block-be257d77\">\n<div class=\"wp-block-uagb-info-box uagb-block-4a191461 uagb-infobox__content-wrap  uagb-infobox-icon-above-title uagb-infobox-image-valign-top\"><div class=\"uagb-ifb-content\"><div class=\"uagb-ifb-separator\"><\/div><div class=\"uagb-ifb-title-wrap\"><h2 class=\"uagb-ifb-title\">150+<\/h2><\/div><p class=\"uagb-ifb-desc\">Appartements Vendus<\/p><\/div><\/div>\n<\/div>\n\n\n\n<div class=\"wp-block-uagb-container uagb-block-e346acd4\">\n<div class=\"wp-block-uagb-info-box uagb-block-38ab46f9 uagb-infobox__content-wrap  uagb-infobox-icon-above-title uagb-infobox-image-valign-top\"><div class=\"uagb-ifb-content\"><div class=\"uagb-ifb-separator\"><\/div><div class=\"uagb-ifb-title-wrap\"><h2 class=\"uagb-ifb-title\">400+<\/h2><\/div><p class=\"uagb-ifb-desc\">Clients satisfaits<\/p><\/div><\/div>\n<\/div>\n<\/div><\/div>\n","protected":false},"excerpt":{"rendered":"<p>Qui sommes-nous Chez CMK D\u00e9veloppement, nous sommes un promoteur immobilier d\u00e9di\u00e9 \u00e0 la cr\u00e9ation de logements de qualit\u00e9 sup\u00e9rieure. Nous nous engageons \u00e0 offrir des espaces de vie exceptionnels, alliant design moderne, fonctionnalit\u00e9 et confort, pour r\u00e9pondre aux besoins et aux aspirations de nos clients.\u200b Notre \u00e9quipe exp\u00e9riment\u00e9e travaille avec passion et d\u00e9vouement pour concevoir &hellip;<\/p>\n<p class=\"read-more\"> <a class=\"\" href=\"https:\/\/cmkdeveloppement.com\/?page_id=424\"> <span class=\"screen-reader-text\">About Us<\/span> Read More &raquo;<\/a><\/p>\n","protected":false},"author":1,"featured_media":0,"parent":0,"menu_order":0,"comment_status":"closed","ping_status":"closed","template":"","meta":{"_uag_custom_page_level_css":"","site-sidebar-layout":"default","site-content-layout":"default","ast-global-header-display":"","ast-banner-title-visibility":"","ast-main-header-display":"","ast-hfb-above-header-display":"","ast-hfb-below-header-display":"","ast-hfb-mobile-header-display":"","site-post-title":"disabled","ast-breadcrumbs-content":"","ast-featured-img":"","footer-sml-layout":"","theme-transparent-header-meta":"enabled","adv-header-id-meta":"","stick-header-meta":"","header-above-stick-meta":"","header-main-stick-meta":"","header-below-stick-meta":"","_joinchat":[]},"aioseo_notices":[],"uagb_featured_image_src":{"full":false,"thumbnail":false,"medium":false,"medium_large":false,"large":false,"1536x1536":false,"2048x2048":false},"uagb_author_info":{"display_name":"developpementcmk@gmail.com","author_link":"https:\/\/cmkdeveloppement.com\/?author=1"},"uagb_comment_info":0,"uagb_excerpt":"Qui sommes-nous Chez CMK D\u00e9veloppement, nous sommes un promoteur immobilier d\u00e9di\u00e9 \u00e0 la cr\u00e9ation de logements de qualit\u00e9 sup\u00e9rieure. Nous nous engageons \u00e0 offrir des espaces de vie exceptionnels, alliant design moderne, fonctionnalit\u00e9 et confort, pour r\u00e9pondre aux besoins et aux aspirations de nos clients.\u200b Notre \u00e9quipe exp\u00e9riment\u00e9e travaille avec passion et d\u00e9vouement pour concevoir&hellip;","_links":{"self":[{"href":"https:\/\/cmkdeveloppement.com\/index.php?rest_route=\/wp\/v2\/pages\/424"}],"collection":[{"href":"https:\/\/cmkdeveloppement.com\/index.php?rest_route=\/wp\/v2\/pages"}],"about":[{"href":"https:\/\/cmkdeveloppement.com\/index.php?rest_route=\/wp\/v2\/types\/page"}],"author":[{"embeddable":true,"href":"https:\/\/cmkdeveloppement.com\/index.php?rest_route=\/wp\/v2\/users\/1"}],"replies":[{"embeddable":true,"href":"https:\/\/cmkdeveloppement.com\/index.php?rest_route=%2Fwp%2Fv2%2Fcomments&post=424"}],"version-history":[{"count":4,"href":"https:\/\/cmkdeveloppement.com\/index.php?rest_route=\/wp\/v2\/pages\/424\/revisions"}],"predecessor-version":[{"id":472,"href":"https:\/\/cmkdeveloppement.com\/index.php?rest_route=\/wp\/v2\/pages\/424\/revisions\/472"}],"wp:attachment":[{"href":"https:\/\/cmkdeveloppement.com\/index.php?rest_route=%2Fwp%2Fv2%2Fmedia&parent=424"}],"curies":[{"name":"wp","href":"https:\/\/api.w.org\/{rel}","templated":true}]}}